{"id":339,"date":"2019-05-04T16:11:50","date_gmt":"2019-05-04T14:11:50","guid":{"rendered":"http:\/\/www.test.michaelaugust.de\/?page_id=339"},"modified":"2023-06-05T22:54:29","modified_gmt":"2023-06-05T20:54:29","slug":"den-arduino-programmieren","status":"publish","type":"page","link":"http:\/\/www.michaelaugust.de\/?page_id=339","title":{"rendered":"Den Arduino programmieren"},"content":{"rendered":"\n<h1 class=\"wp-block-heading\">WERDE HARDWARE-CODER!<\/h1>\n\n\n\n<blockquote class=\"wp-block-quote\">\n<p>Mikrocontroller sind kleine \nComputer, die man programmieren kann. Sie sind in fast allen technischen\n Ger\u00e4ten eingebaut. Man findet sie in Spielzeugen, Mikrowellenherden, \nHandys, Robotern, Autos und Raumschiffen.<br>\nHier erf\u00e4hrst du, wie du sie selbst programmieren kannst. Von blinkenden\n LEDs bis zum elektronischen Haustier tauchst du ein in die spannende \nWelt der Hardware.<\/p>\n<\/blockquote>\n\n\n\n<h2 class=\"wp-block-heading\"><a href=\"https:\/\/starthardware.org\/lektion-1-vorbereitung\/\">Lektion 1 \u2013 Vorbereitung<\/a><\/h2>\n\n\n\n<p><\/p>\n\n\n\n<figure class=\"wp-block-image\"><a href=\"https:\/\/starthardware.org\/lektion-1-vorbereitung\/\"><img decoding=\"async\" src=\"https:\/\/starthardware.org\/wp-content\/uploads\/2014\/10\/arduino-download.gif\" alt=\"Arduino Download\"\/><\/a><\/figure>\n\n\n\n<p>Einrichtung der Programmierumgebung Arduino.<\/p>\n\n\n\n<h2 class=\"wp-block-heading\"><a href=\"https:\/\/starthardware.org\/lektion-2-das-arduino\/\">Lektion 2 \u2013 Das Arduino-Board<\/a><\/h2>\n\n\n\n<p><\/p>\n\n\n\n<figure class=\"wp-block-image\"><a href=\"https:\/\/starthardware.org\/lektion-2-das-arduino\/\"><img decoding=\"async\" src=\"https:\/\/starthardware.org\/wp-content\/uploads\/2014\/10\/lektion2.png\" alt=\"Lektion 2 \u2013\u00a0Das Arduino\"\/><\/a><\/figure>\n\n\n\n<p>Das Arduino-Board ist wie ein kleiner Computer. Wir k\u00f6nnen es \nprogrammieren und alle m\u00f6glichen elektronischen Bausteine anschlie\u00dfen. \nDazu geh\u00f6ren unter anderem LEDs, Motoren, Taster und Sensoren.<\/p>\n\n\n\n<h2 class=\"wp-block-heading\"><a href=\"https:\/\/starthardware.org\/lektion-3-stromkreis\/\">Lektion 3 \u2013 Stromkreis<\/a><\/h2>\n\n\n\n<p><\/p>\n\n\n\n<figure class=\"wp-block-image\"><a href=\"https:\/\/starthardware.org\/lektion-3-stromkreis\/\"><img decoding=\"async\" src=\"https:\/\/starthardware.org\/wp-content\/uploads\/2014\/10\/stromkreis-taschenlampe.jpg\" alt=\"Stromkreis Taschenlampe\"\/><\/a><\/figure>\n\n\n\n<p>Was ist ein Stromkreis? Und was ist \u00fcberhaupt Strom? Und was ist Spannung?<\/p>\n\n\n\n<h2 class=\"wp-block-heading\"><a href=\"https:\/\/starthardware.org\/lektion-4-unser-erster-eigener-stromkreis\/\">Lektion 4 \u2013 Unser erster eigener Stromkreis<\/a><\/h2>\n\n\n\n<p><\/p>\n\n\n\n<figure class=\"wp-block-image\"><a href=\"https:\/\/starthardware.org\/lektion-4-unser-erster-eigener-stromkreis\/\"><img decoding=\"async\" src=\"https:\/\/starthardware.org\/wp-content\/uploads\/2014\/10\/lektion4.png\" alt=\"Lektion 4 \u2013 Unser erster eigener Stromkreis\"\/><\/a><\/figure>\n\n\n\n<p>Wir bauen unseren ersten eigenen Stromkreis aus einer LED, einem \nWiderstand und einem Taster. Und du erf\u00e4hrst, was ein Widerstand \n\u00fcberhaupt ist.<\/p>\n\n\n\n<h2 class=\"wp-block-heading\"><a href=\"https:\/\/starthardware.org\/lektion-5-wie-funktioniert-das-breadboard\/\" class=\"\">Lektion 5 \u2013 Wie funktioniert das Breadboard?<\/a><\/h2>\n\n\n\n<p><\/p>\n\n\n\n<figure class=\"wp-block-image\"><a href=\"https:\/\/starthardware.org\/lektion-5-wie-funktioniert-das-breadboard\/\"><img decoding=\"async\" src=\"https:\/\/starthardware.org\/wp-content\/uploads\/2014\/10\/lektion5.png\" alt=\"Lektion 5 \u2013 Wie funktioniert das Breadboard?\"\/><\/a><\/figure>\n\n\n\n<p>Was ist ein Breadboard und wie funktioniert es? Was sind Leiter und Isolierstoffe?<\/p>\n\n\n\n<h2 class=\"wp-block-heading\"><a href=\"https:\/\/starthardware.org\/lektion-6-digital-out-vorbereitung\/\">Lektion 6 \u2013 Digital Out Vorbereitung<\/a><\/h2>\n\n\n\n<p><\/p>\n\n\n\n<figure class=\"wp-block-image\"><a href=\"https:\/\/starthardware.org\/lektion-6-digital-out-vorbereitung\/\"><img decoding=\"async\" src=\"https:\/\/starthardware.org\/wp-content\/uploads\/2014\/10\/lektion6.png\" alt=\"Lektion 6 \u2013 Digital Out Vorbereitung\"\/><\/a><\/figure>\n\n\n\n<p>Wir bauen den ersten interaktiven Stromkreis, der mit Arduino programmiert werden kann.<\/p>\n\n\n\n<h2 class=\"wp-block-heading\"><a href=\"https:\/\/starthardware.org\/lektion-7-digital-out-endlich-geht-es-los\/\">Lektion 7 \u2013 Digital Out: Endlich geht es los!<\/a><\/h2>\n\n\n\n<p><\/p>\n\n\n\n<figure class=\"wp-block-image\"><a href=\"https:\/\/starthardware.org\/lektion-7-digital-out-endlich-geht-es-los\/\"><img decoding=\"async\" src=\"https:\/\/starthardware.org\/wp-content\/uploads\/2014\/10\/start-take-off.jpg\" alt=\"Endlich geht es los\"\/><\/a><\/figure>\n\n\n\n<p>Du programmierst dein erstes Programm! Ich erkl\u00e4re dir, worauf du achten musst.<\/p>\n\n\n\n<h2 class=\"wp-block-heading\"><a href=\"https:\/\/starthardware.org\/lektion-8-es-blinkt\/\">Lektion 8 \u2013 Es blinkt!<\/a><\/h2>\n\n\n\n<p><\/p>\n\n\n\n<figure class=\"wp-block-image\"><a href=\"https:\/\/starthardware.org\/lektion-8-es-blinkt\/\"><img decoding=\"async\" src=\"https:\/\/starthardware.org\/wp-content\/uploads\/2014\/10\/lektion8.png\" alt=\"Lektion 8 \u2013 Es blinkt!\"\/><\/a><\/figure>\n\n\n\n<p>Jetzt lassen wir es blinken. Ich zeige dir, wieso wir das Arduino-Board ab und zu anhalten m\u00fcssen.<\/p>\n\n\n\n<h2 class=\"wp-block-heading\"><a href=\"https:\/\/starthardware.org\/lektion-9-variablen\/\">Lektion 9 \u2013 Variablen!<\/a><\/h2>\n\n\n\n<p> <\/p>\n\n\n\n<figure class=\"wp-block-image\"><a href=\"https:\/\/starthardware.org\/lektion-9-variablen\/\"><img decoding=\"async\" src=\"https:\/\/starthardware.org\/wp-content\/uploads\/2014\/10\/variablen.jpg\" alt=\"Variablen\"\/><\/a><\/figure>\n\n\n\n<p><\/p>\n\n\n\n<p>Was sind Variablen und wie werden sie benutzt? <\/p>\n\n\n\n<h2 class=\"wp-block-heading\"><a href=\"https:\/\/starthardware.org\/lektion-10-for-schleife-und-der-led-rechner\/\">Lektion 10 \u2013 For-Schleife und der LED Rechner<\/a><\/h2>\n\n\n\n<p><\/p>\n\n\n\n<figure class=\"wp-block-image\"><a href=\"https:\/\/starthardware.org\/lektion-10-for-schleife-und-der-led-rechner\/\"><img decoding=\"async\" src=\"https:\/\/starthardware.org\/wp-content\/uploads\/2014\/10\/arduino-for-schleife-loop.jpg\" alt=\"Arduino for Schleife, Loop\"\/><\/a><\/figure>\n\n\n\n<p>Jetzt lernst du die for-Schleife kennen. Die ist super praktisch. Au\u00dferdem bauen wir eine LED-Taschenrechner mit nur einer LED.<\/p>\n\n\n\n<h2 class=\"wp-block-heading\"><a href=\"https:\/\/starthardware.org\/lektion-11-der-taster\/\">Lektion 11 \u2013 Der Taster<\/a><\/h2>\n\n\n\n<p><\/p>\n\n\n\n<figure class=\"wp-block-image\"><a href=\"https:\/\/starthardware.org\/lektion-11-der-taster\/\"><img decoding=\"async\" src=\"https:\/\/starthardware.org\/wp-content\/uploads\/2014\/10\/arduino-button.jpg\" alt=\"Arduino Button\"\/><\/a><\/figure>\n\n\n\n<p>Was ist ein Taster und wie k\u00f6nnen wir mit Arduino herausfinden, ob er gedr\u00fcckt ist?<\/p>\n\n\n\n<h2 class=\"wp-block-heading\"><a href=\"https:\/\/starthardware.org\/lektion-12-der-taster-und-if-abfrage\/\">Lektion 12 \u2013 Der Taster und if-Abfrage<\/a><\/h2>\n\n\n\n<p><\/p>\n\n\n\n<figure class=\"wp-block-image\"><a href=\"https:\/\/starthardware.org\/lektion-12-der-taster-und-if-abfrage\/\"><img decoding=\"async\" src=\"https:\/\/starthardware.org\/wp-content\/uploads\/2014\/10\/arduino-if-abfrage-sortieren.jpg\" alt=\"Arduino If Abfrage\"\/><\/a><\/figure>\n\n\n\n<p>Jetzt lernst du die if-Abfrage kennen. Das ist eine der wichtigsten Konstruktionen in der Programmierung. <\/p>\n\n\n\n<h2 class=\"wp-block-heading\"><a href=\"https:\/\/starthardware.org\/lektion-13-leds-dimmen-mit-der-analogen-ausgabe\/\">Lektion 13 \u2013 LEDs dimmen mit der analogen Ausgabe<\/a><\/h2>\n\n\n\n<p><\/p>\n\n\n\n<figure class=\"wp-block-image\"><a href=\"https:\/\/starthardware.org\/lektion-13-leds-dimmen-mit-der-analogen-ausgabe\/\"><img decoding=\"async\" src=\"https:\/\/starthardware.org\/wp-content\/uploads\/2014\/10\/leds-dimmen.jpg\" alt=\"\"\/><\/a><\/figure>\n\n\n\n<p>Ich zeige dir, das wir LEDs nicht nur An- und Ausschalten, sondern auch dimmen k\u00f6nnen. <\/p>\n\n\n\n<h2 class=\"wp-block-heading\"><a href=\"https:\/\/starthardware.org\/lektion-14-melodie\/\">Lektion 14 \u2013 Melodie<\/a><\/h2>\n\n\n\n<p>\t\t\n\n\t\t\n\t\t\t\t\n\t\tVer\u00f6ffentlicht am <a href=\"https:\/\/starthardware.org\/lektion-14-melodie\/\">29. Oktober 2014<\/a>  von <a href=\"https:\/\/starthardware.org\/author\/stefan-hermann\/\">Stefan Hermann<\/a><\/p>\n\n\n\n<figure class=\"wp-block-image\"><a href=\"https:\/\/starthardware.org\/lektion-14-melodie\/\"><img decoding=\"async\" src=\"https:\/\/starthardware.org\/wp-content\/uploads\/2014\/10\/melodie.jpg\" alt=\"Melodie, Musik mit Arduino\"\/><\/a><\/figure>\n\n\n\n<p>Wie wandelt man elektronische Signale in h\u00f6rbaren Schall um?<\/p>\n\n\n\n<h2 class=\"wp-block-heading\"><a href=\"https:\/\/starthardware.org\/lektion-15-array\/\">Lektion 15 \u2013 Array<\/a><\/h2>\n\n\n\n<p><\/p>\n\n\n\n<figure class=\"wp-block-image\"><a href=\"https:\/\/starthardware.org\/lektion-15-array\/\"><img decoding=\"async\" src=\"https:\/\/starthardware.org\/wp-content\/uploads\/2014\/10\/arrays-titel.jpg\" alt=\"Ein Array als Containerschiff\"\/><\/a><\/figure>\n\n\n\n<p>Wie kann man viele Werte in einer Variable speichern? Und was hat das mit Container-Schiffen zu tun?<\/p>\n\n\n\n<h2 class=\"wp-block-heading\"><a href=\"https:\/\/starthardware.org\/lektion-16-ein-tasten-piano\/\">Lektion 16 \u2013 Ein-Tasten-Piano<\/a><\/h2>\n\n\n\n<p><\/p>\n\n\n\n<figure class=\"wp-block-image\"><a href=\"https:\/\/starthardware.org\/lektion-16-ein-tasten-piano\/\"><img decoding=\"async\" src=\"https:\/\/starthardware.org\/wp-content\/uploads\/2014\/10\/piano.jpg\" alt=\"Ein Tasten Piano\"\/><\/a><\/figure>\n\n\n\n<p>Wie kann man ein Piano mit nur einer Taste bauen?<\/p>\n\n\n\n<h2 class=\"wp-block-heading\"><a href=\"https:\/\/starthardware.org\/lektion-17-die-sonne-spielt-musik-die-analoge-eingabe\/\">Lektion 17 \u2013 Die Sonne spielt Musik! Die Analoge Eingabe<\/a><\/h2>\n\n\n\n<p> <\/p>\n\n\n\n<figure class=\"wp-block-image\"><a href=\"https:\/\/starthardware.org\/lektion-17-die-sonne-spielt-musik-die-analoge-eingabe\/\"><img decoding=\"async\" src=\"https:\/\/starthardware.org\/wp-content\/uploads\/2014\/10\/sonne-musik-ldr.jpg\" alt=\"\"\/><\/a><\/figure>\n\n\n\n<p>Kann man mit Licht Musik machen? Wie funktioniert ein Fotowiderstand? Was ist die Analoge Eingabe?<\/p>\n\n\n\n<h2 class=\"wp-block-heading\"><a href=\"https:\/\/starthardware.org\/lektion-18-beruehrungsempfindliches-instrument\/\">Lektion 18 \u2013 Ber\u00fchrungsempfindliches Instrument<\/a><\/h2>\n\n\n\n<p><\/p>\n\n\n\n<figure class=\"wp-block-image\"><a href=\"https:\/\/starthardware.org\/lektion-18-beruehrungsempfindliches-instrument\/\"><img decoding=\"async\" src=\"https:\/\/starthardware.org\/wp-content\/uploads\/2014\/11\/beruehrung.jpg\" alt=\"\"\/><\/a><\/figure>\n\n\n\n<p><\/p>\n\n\n\n<p>Auch der Hautwiderstand kann als analoger Input benutzt werden.  Daraus bauen wir jetzt noch ein Instrument. Da der menschliche K\u00f6rper zu  einem gro\u00dfen Teil aus Wasser besteht, leitet er den elektrischen Strom.  Er ist nat\u00fcrlich nicht so ein guter Leiter wie z.B. ein Metallkabel.  Der K\u00f6rper hat n\u00e4mlich einen hohen Innenwiderstand. Dieser  Innenwiderstand wird unser\u2026 <a href=\"https:\/\/starthardware.org\/lektion-18-beruehrungsempfindliches-instrument\/\">Weiterlesen <\/a><\/p>\n\n\n\n<h2 class=\"wp-block-heading\"><a href=\"https:\/\/starthardware.org\/lektion-19-mein-digitales-haustier1\/\">Lektion 19 \u2013 Mein digitales Haustier 1\/2<\/a><\/h2>\n\n\n\n<p> <\/p>\n\n\n\n<figure class=\"wp-block-image\"><a href=\"https:\/\/starthardware.org\/lektion-19-mein-digitales-haustier1\/\"><img decoding=\"async\" src=\"https:\/\/starthardware.org\/wp-content\/uploads\/2014\/11\/katze_elektronik.jpg\" alt=\"Katze Elektronik\"\/><\/a><\/figure>\n\n\n\n<p>Jetzt bauen wir uns ein digitales Haustier. Es soll blinkende Augen \nbekommen und merken, wenn man es streichelt. Nat\u00fcrlich wird es auch \nungeduldig, wenn man sich nicht darum k\u00fcmmert. Blinkende Augen k\u00f6nnen \nwir einfach mit zwei LEDs bauen. Dazu m\u00fcssen wir zwei der langen \nSteckkabel zerschneiden. Anleitung Teile die beiden Kabel mit einer \nSchere in\u2026 <a href=\"https:\/\/starthardware.org\/lektion-19-mein-digitales-haustier1\/\">Weiterlesen Lektion 19 \u2013 Mein digitales Haustier 1\/2<\/a><\/p>\n\n\n\n<h2 class=\"wp-block-heading\"><a href=\"https:\/\/starthardware.org\/lektion-20-mein-digitales-haustier2\/\">Lektion 20 \u2013 Mein digitales Haustier 2\/2<\/a><\/h2>\n\n\n\n<p> <\/p>\n\n\n\n<figure class=\"wp-block-image\"><a href=\"https:\/\/starthardware.org\/lektion-20-mein-digitales-haustier2\/\"><img decoding=\"async\" src=\"https:\/\/starthardware.org\/wp-content\/uploads\/2014\/11\/katze.jpg\" alt=\"\"\/><\/a><\/figure>\n\n\n\n<p>Lass uns jetzt unser digitales Haustier programmieren. Ein bisschen \nArbeit steht uns noch bevor. Wir m\u00fcssen unserem digitalen Haustier drei \nSachen beibringen. Es soll mit den Augen (also den LEDs) zwinkern \nk\u00f6nnen. Es soll schnurren, wenn es gestreichelt wird. Und es soll \nmeckern, wenn man es nicht beachtet. Fangen wir mit dem Augenzwinkern \nan. Augenzwinkern\u2026 <a href=\"https:\/\/starthardware.org\/lektion-20-mein-digitales-haustier2\/\">Weiterlesen <\/a><\/p>\n","protected":false},"excerpt":{"rendered":"<p>WERDE HARDWARE-CODER! Mikrocontroller sind kleine Computer, die man programmieren kann. Sie sind in fast allen technischen Ger\u00e4ten eingebaut. Man findet sie in Spielzeugen, Mikrowellenherden, Handys, Robotern, Autos und Raumschiffen. Hier erf\u00e4hrst du, wie du sie selbst programmieren kannst. Von blinkenden LEDs bis zum elektronischen Haustier tauchst du ein in die spannende Welt der Hardware. Lektion [&hellip;]<\/p>\n","protected":false},"author":1,"featured_media":0,"parent":318,"menu_order":0,"comment_status":"closed","ping_status":"closed","template":"","meta":{"footnotes":""},"_links":{"self":[{"href":"http:\/\/www.michaelaugust.de\/index.php?rest_route=\/wp\/v2\/pages\/339"}],"collection":[{"href":"http:\/\/www.michaelaugust.de\/index.php?rest_route=\/wp\/v2\/pages"}],"about":[{"href":"http:\/\/www.michaelaugust.de\/index.php?rest_route=\/wp\/v2\/types\/page"}],"author":[{"embeddable":true,"href":"http:\/\/www.michaelaugust.de\/index.php?rest_route=\/wp\/v2\/users\/1"}],"replies":[{"embeddable":true,"href":"http:\/\/www.michaelaugust.de\/index.php?rest_route=%2Fwp%2Fv2%2Fcomments&post=339"}],"version-history":[{"count":4,"href":"http:\/\/www.michaelaugust.de\/index.php?rest_route=\/wp\/v2\/pages\/339\/revisions"}],"predecessor-version":[{"id":644,"href":"http:\/\/www.michaelaugust.de\/index.php?rest_route=\/wp\/v2\/pages\/339\/revisions\/644"}],"up":[{"embeddable":true,"href":"http:\/\/www.michaelaugust.de\/index.php?rest_route=\/wp\/v2\/pages\/318"}],"wp:attachment":[{"href":"http:\/\/www.michaelaugust.de\/index.php?rest_route=%2Fwp%2Fv2%2Fmedia&parent=339"}],"curies":[{"name":"wp","href":"https:\/\/api.w.org\/{rel}","templated":true}]}}