{"id":608,"date":"2023-04-02T20:09:15","date_gmt":"2023-04-02T18:09:15","guid":{"rendered":"http:\/\/www.michaelaugust.de\/?page_id=608"},"modified":"2023-04-02T21:09:46","modified_gmt":"2023-04-02T19:09:46","slug":"waerme","status":"publish","type":"page","link":"http:\/\/www.michaelaugust.de\/?page_id=608","title":{"rendered":"Physik W\u00e4rme"},"content":{"rendered":"\n<p><strong>Warum friert man nach dem Baden?<\/strong><\/p>\n\n\n\n<p><strong>Bestimmt kennst Du das: Man kommt aus der Dusche und friert. Nachdem man sich abgetrocknet hat, ist es weniger kalt.<\/strong><\/p>\n\n\n\n<p>Mit dem folgenden Experiment wollen wir herausfinden, woran das liegt. Daf\u00fcr m\u00fcssen wir uns zuerst ein Thermometer bauen. Baue die folgende Schaltung auf dem Arduino (so hei\u00dft der kleine Computer) auf:<\/p>\n\n\n\n<figure class=\"wp-block-image size-full is-resized\"><img decoding=\"async\" loading=\"lazy\" src=\"http:\/\/www.michaelaugust.de\/wp-content\/uploads\/2023\/04\/DS18B20_mit_OLED.png\" alt=\"\" class=\"wp-image-611\" width=\"558\" height=\"533\" srcset=\"http:\/\/www.michaelaugust.de\/wp-content\/uploads\/2023\/04\/DS18B20_mit_OLED.png 848w, http:\/\/www.michaelaugust.de\/wp-content\/uploads\/2023\/04\/DS18B20_mit_OLED-300x287.png 300w, http:\/\/www.michaelaugust.de\/wp-content\/uploads\/2023\/04\/DS18B20_mit_OLED-768x734.png 768w, http:\/\/www.michaelaugust.de\/wp-content\/uploads\/2023\/04\/DS18B20_mit_OLED-150x143.png 150w\" sizes=\"(max-width: 558px) 100vw, 558px\" \/><\/figure>\n\n\n\n<p>Jetzt hast Du Dir ein digitales Thermometer gebaut. Es muss aber noch programmiert werden. \u00d6ffne daf\u00fcr das Programm <strong>Arduino<\/strong> (Falls es nicht auf Deinem Computer installiert ist, lade es Dir hier herunter: <a href=\"https:\/\/www.arduino.cc\/en\/software\">https:\/\/www.arduino.cc\/en\/software<\/a> Falls Du Probleme mit der Installation hast, frage Deine Lehrkraft um Hilfe)<\/p>\n\n\n\n<p>Nachdem Du die Software Arduino gestartet hast, musst Du die Schaltung mit dem Computer \u00fcber ein USB-Kabel verbinden. In dem wei\u00dfen Feld suchst Du den angeschlossenen Arduino-Computer aus.<\/p>\n\n\n\n<figure class=\"wp-block-image size-full\"><img decoding=\"async\" loading=\"lazy\" width=\"736\" height=\"85\" src=\"http:\/\/www.michaelaugust.de\/wp-content\/uploads\/2023\/04\/Auswahl_035.png\" alt=\"\" class=\"wp-image-614\" srcset=\"http:\/\/www.michaelaugust.de\/wp-content\/uploads\/2023\/04\/Auswahl_035.png 736w, http:\/\/www.michaelaugust.de\/wp-content\/uploads\/2023\/04\/Auswahl_035-300x35.png 300w, http:\/\/www.michaelaugust.de\/wp-content\/uploads\/2023\/04\/Auswahl_035-150x17.png 150w\" sizes=\"(max-width: 736px) 100vw, 736px\" \/><\/figure>\n\n\n\n<p>Jetzt klickst Du auf Werkzeuge &gt; Bibliothek verwalten (engl.: Tools&gt; manage Libaries )<\/p>\n\n\n\n<p>Es \u00f6ffnet sich am Rand ein Feld. Hier gibst Du u8g2 ein . Anschlie\u00dfend auf das gr\u00fcne \u201einstallieren, weiter unten klicken. Damit installierst Du einen vorgefertigten Programmcode f\u00fcr das Display.<\/p>\n\n\n\n<figure class=\"wp-block-image size-full\"><img decoding=\"async\" loading=\"lazy\" width=\"721\" height=\"223\" src=\"http:\/\/www.michaelaugust.de\/wp-content\/uploads\/2023\/04\/Auswahl_037.png\" alt=\"\" class=\"wp-image-618\" srcset=\"http:\/\/www.michaelaugust.de\/wp-content\/uploads\/2023\/04\/Auswahl_037.png 721w, http:\/\/www.michaelaugust.de\/wp-content\/uploads\/2023\/04\/Auswahl_037-300x93.png 300w, http:\/\/www.michaelaugust.de\/wp-content\/uploads\/2023\/04\/Auswahl_037-150x46.png 150w\" sizes=\"(max-width: 721px) 100vw, 721px\" \/><\/figure>\n\n\n\n<p>Und zum Gl\u00fcck gibt es auch einen vorgefertigten Programmcode f\u00fcr den Temperatursensor. Daf\u00fcr musst Du nach \u201eDallasTemperature\u201c von Miles Burton suchen und installieren.<\/p>\n\n\n\n<p>Jetzt musst Du nur noch den folgenden Code eingeben. Wenn Du auf &#8222;DS18B20_mit_OLED&#8220; klickst \u00f6ffnet sich ein Fenster mit dem Code, den Du mit strg + c kopieren kannst. Dann kopierst Du ihn mit strg+v in die Arduino Software.<\/p>\n\n\n\n<div class=\"wp-block-file\"><a id=\"wp-block-file--media-10354b7e-aab8-4584-a154-5a8be61e52db\" href=\"http:\/\/www.michaelaugust.de\/wp-content\/uploads\/2023\/04\/DS18B20_mit_OLED.txt\">DS18B20_mit_OLED<\/a><a href=\"http:\/\/www.michaelaugust.de\/wp-content\/uploads\/2023\/04\/DS18B20_mit_OLED.txt\" class=\"wp-block-file__button wp-element-button\" download aria-describedby=\"wp-block-file--media-10354b7e-aab8-4584-a154-5a8be61e52db\">klick!<\/a><\/div>\n\n\n\n<p>Jetzt musst Du nur noch auf den Pfeil klicken, um den Code auf den kleinen Computer zu laden.<\/p>\n\n\n\n<figure class=\"wp-block-image size-full\"><img decoding=\"async\" loading=\"lazy\" width=\"212\" height=\"82\" src=\"http:\/\/www.michaelaugust.de\/wp-content\/uploads\/2023\/04\/Auswahl_038.png\" alt=\"\" class=\"wp-image-630\" srcset=\"http:\/\/www.michaelaugust.de\/wp-content\/uploads\/2023\/04\/Auswahl_038.png 212w, http:\/\/www.michaelaugust.de\/wp-content\/uploads\/2023\/04\/Auswahl_038-150x58.png 150w\" sizes=\"(max-width: 212px) 100vw, 212px\" \/><\/figure>\n\n\n\n<p><strong>Jetzt sollte Dein selbstgebautes Thermometer funktionieren.<\/strong><\/p>\n\n\n\n<p>Wennes mit der Hand umschlie\u00dft, stellst Du fest, dass es immer ein wenig dauert, bis es die richtige Temperatur misst, weil der Messsensor immer erst die Temperatur der Umgebung annehmen muss. Erst wenn sich die Anzeige eine Zeit lang nicht mehr ver\u00e4ndert, hast Du die richtige, die wirkliche Temperatur messen.<\/p>\n\n\n\n<p>Jetzt wollen wir mit dem Thermometer arbeiten, ein paar Experimente machen und uns ein paar Dinge erkl\u00e4ren!<\/p>\n\n\n\n<p><strong>1. \u00dcberschrift: Verdunstungsk\u00e4lte<\/strong><\/p>\n\n\n\n<p>Material: Ein digitales Thermometer, ein St\u00fcck Stoff oder Papieraschentuch und einige tropfen Wasser, einige Tropfen Alkohl.<\/p>\n\n\n\n<p>Versuch: Das Taschentuch wird um den Temperaturf\u00fchler gewickelt und mit einigen Tropfen Wasser befeuchtet. Wiederhole den Versuch mit einigen Tropfen Alkohol.<\/p>\n\n\n\n<p>Beobachtung: ________________________________________________________<\/p>\n\n\n\n<p>____________________________________________________________________<\/p>\n\n\n\n<p>____________________________________________________________________<\/p>\n\n\n\n<p>Erkl\u00e4rung: Das Wasser verdunstet (verdampft) vom Taschentuch. Damit Wasser vom festen in den gasf\u00f6rmigen Zustand \u00fcbergeht ben\u00f6tigt es Energie. Diese Energie wird von dem zur\u00fcckbleibenden Taschentuch \u201egeklaut\u201c. Das Taschentuch hat dadurch weniger W\u00e4rme(energie), es wird also k\u00e4lter.<\/p>\n\n\n\n<p>\u00dcbertrage das Ergebnis: a) Warum friert man nach dem Duschen? b) Warum ist es sinnvoll sich schnell abzutrocknen? c) Was passiert vermutlich nach dem Abtrocknen mit der Temperatur Deines nassen Handtuchs? d) Warum friert man in nasser Kleidung? Beantworte die Fragen schriftlich in Deinem Heft oder Hefter.<\/p>\n\n\n\n<p><strong>*Die Freaks wiederholen den Versuch, fertigen eine Messwerttabelle und ein Temperatur-Zeit-Diagramm an.<\/strong><\/p>\n\n\n\n<p><strong>2. \u00dcberschrift: K\u00e4ltemischung<\/strong><\/p>\n\n\n\n<p>Material: Ein digitales Thermometer, ein Glas voller Eisst\u00fcckchen, Kochsalz<\/p>\n\n\n\n<p>Versuch: Messe die Temperatur im Glas. Gibt danach circa 2 bis 5 Teel\u00f6ffel Salz zum Eis, verr\u00fchre es und messe die Temperatur f\u00fcr circa 10 Minuten.<\/p>\n\n\n\n<p>Beobachtung: ________________________________________________________<\/p>\n\n\n\n<p>____________________________________________________________________<\/p>\n\n\n\n<p>____________________________________________________________________<\/p>\n\n\n\n<p>Erkl\u00e4rung: Das Salz l\u00f6st sich im Eis auf. Daf\u00fcr ben\u00f6tigt das Salz (W\u00e4rme-)Energie. Diese Energie holt es sich aus dem Eis. Es wird dadurch noch k\u00e4lter. Aber warum schmilzt das Eis dann?<\/p>\n\n\n\n<p>Zur Erkl\u00e4rung muss man wissen, dass eine L\u00f6sung von Salz in Wasser bei viel niedrigeren Temperaturen als reines Wasser fest wird, n\u00e4mlich erst bei minus 21 Grad. Das Salz l\u00f6st sich im Wasser und aus dem Eis wird st\u00e4ndig neues Wasser gebildet, um das Salz l\u00f6sen zu k\u00f6nnen. Damit das Eis schmelzen kann, wird wieder (W\u00e4rme-) Energie ben\u00f6tigt. So schmilzt das Eis weiter und es wird gleichzeitig k\u00e4lter.<\/p>\n\n\n\n<p><strong>*Die Freaks wiederholen den Versuch, fertigen eine Messwerttabelle und ein Temperatur-Zeit-Diagramm an.<\/strong><\/p>\n\n\n\n<p>\u00dcbertrage das Ergebnis: a) Warum wird im Winter Salz auf die Stra\u00dfen gestreut b) Warum ist es nicht sinnvoll bei Temperaturen k\u00e4lter als minus 21 Grad Salz auf die Stra\u00dfe zu streuen? c) Wenn sich Salz in Wasser aufl\u00f6st, so wird das Wasser k\u00e4lter (Das kannst Du gerne noch einmal mit einem Experiment \u00fcberpr\u00fcfen). Was m\u00fcsste man machen, wenn man will, dass sich das Salz sehr schnell aufl\u00f6st? Beantworte die Fragen schriftlich in Deinem Heft oder Hefter.<\/p>\n","protected":false},"excerpt":{"rendered":"<p>Warum friert man nach dem Baden? Bestimmt kennst Du das: Man kommt aus der Dusche und friert. Nachdem man sich abgetrocknet hat, ist es weniger kalt. Mit dem folgenden Experiment wollen wir herausfinden, woran das liegt. Daf\u00fcr m\u00fcssen wir uns zuerst ein Thermometer bauen. Baue die folgende Schaltung auf dem Arduino (so hei\u00dft der kleine [&hellip;]<\/p>\n","protected":false},"author":1,"featured_media":0,"parent":318,"menu_order":0,"comment_status":"closed","ping_status":"closed","template":"","meta":{"footnotes":""},"_links":{"self":[{"href":"http:\/\/www.michaelaugust.de\/index.php?rest_route=\/wp\/v2\/pages\/608"}],"collection":[{"href":"http:\/\/www.michaelaugust.de\/index.php?rest_route=\/wp\/v2\/pages"}],"about":[{"href":"http:\/\/www.michaelaugust.de\/index.php?rest_route=\/wp\/v2\/types\/page"}],"author":[{"embeddable":true,"href":"http:\/\/www.michaelaugust.de\/index.php?rest_route=\/wp\/v2\/users\/1"}],"replies":[{"embeddable":true,"href":"http:\/\/www.michaelaugust.de\/index.php?rest_route=%2Fwp%2Fv2%2Fcomments&post=608"}],"version-history":[{"count":12,"href":"http:\/\/www.michaelaugust.de\/index.php?rest_route=\/wp\/v2\/pages\/608\/revisions"}],"predecessor-version":[{"id":632,"href":"http:\/\/www.michaelaugust.de\/index.php?rest_route=\/wp\/v2\/pages\/608\/revisions\/632"}],"up":[{"embeddable":true,"href":"http:\/\/www.michaelaugust.de\/index.php?rest_route=\/wp\/v2\/pages\/318"}],"wp:attachment":[{"href":"http:\/\/www.michaelaugust.de\/index.php?rest_route=%2Fwp%2Fv2%2Fmedia&parent=608"}],"curies":[{"name":"wp","href":"https:\/\/api.w.org\/{rel}","templated":true}]}}