{"id":80,"date":"2019-04-17T16:47:32","date_gmt":"2019-04-17T14:47:32","guid":{"rendered":"http:\/\/www.test.michaelaugust.de\/?page_id=80"},"modified":"2023-10-08T17:30:37","modified_gmt":"2023-10-08T15:30:37","slug":"schule","status":"publish","type":"page","link":"http:\/\/www.michaelaugust.de\/?page_id=80","title":{"rendered":"Schule"},"content":{"rendered":"\n<p>Hallo,<\/p>\n\n\n\n<p>klicke auf Deinen Bereich. Das Passwort erh\u00e4ltst Du von Deinem Lehrer.<\/p>\n\n\n\n<p><a href=\"http:\/\/www.test.michaelaugust.de\/?page_id=469\">Zugang zu i-surf<\/a> &amp; <a href=\"http:\/\/www.test.michaelaugust.de\/?page_id=475\">Alles was Du zum Coronavirus wissen musst<\/a><\/p>\n\n\n\n<p><a href=\"http:\/\/www.test.michaelaugust.de\/?page_id=458\">6. Klasse Englisch<\/a><\/p>\n\n\n\n<p><a href=\"http:\/\/www.test.michaelaugust.de\/?page_id=283\">5. Klasse Mathe<\/a><\/p>\n\n\n\n<p><a href=\"http:\/\/www.test.michaelaugust.de\/?page_id=336(\u00f6ffnet in neuem Tab)\">6. Klasse Mathe<\/a><\/p>\n\n\n\n<p><a href=\"http:\/\/www.test.michaelaugust.de\/?page_id=391\">5. Klasse Geographie<\/a><\/p>\n\n\n\n<p><a href=\"http:\/\/www.test.michaelaugust.de\/?page_id=393\">6. Klasse Geographie<\/a><\/p>\n\n\n\n<p><a href=\"http:\/\/www.test.michaelaugust.de\/?page_id=395\">7. Klasse Geographie<\/a><\/p>\n\n\n\n<p><a href=\"http:\/\/www.test.michaelaugust.de\/?page_id=397\">8. Klasse Geographie<\/a><\/p>\n\n\n\n<p><\/p>\n\n\n\n<p><a href=\"http:\/\/www.test.michaelaugust.de\/?page_id=258\">Physik Mechanik<\/a><\/p>\n\n\n\n<p><a href=\"http:\/\/www.test.michaelaugust.de\/?page_id=254\">Physik W\u00e4rme<\/a><\/p>\n\n\n\n<p>Physik Optik<\/p>\n\n\n\n<p>Physik Elektrizit\u00e4t<\/p>\n\n\n\n<p>Physik Radioaktivit\u00e4t<\/p>\n\n\n\n<p><a href=\"http:\/\/www.test.michaelaugust.de\/?page_id=318\">Mikroelektronik<\/a><\/p>\n\n\n\n<p><a href=\"http:\/\/www.michaelaugust.de\/?page_id=520\">Jetzt Energie sparen!<\/a><\/p>\n\n\n\n<p><a href=\"http:\/\/www.michaelaugust.de\/?page_id=591(\u00f6ffnet in neuem Tab)\">Physik\/Nawi multimedial<\/a><\/p>\n\n\n\n<p><\/p>\n","protected":false},"excerpt":{"rendered":"<p>Hallo, klicke auf Deinen Bereich. Das Passwort erh\u00e4ltst Du von Deinem Lehrer. Zugang zu i-surf &amp; Alles was Du zum Coronavirus wissen musst 6. Klasse Englisch 5. Klasse Mathe 6. Klasse Mathe 5. Klasse Geographie 6. Klasse Geographie 7. Klasse Geographie 8. Klasse Geographie Physik Mechanik Physik W\u00e4rme Physik Optik Physik Elektrizit\u00e4t Physik Radioaktivit\u00e4t Mikroelektronik [&hellip;]<\/p>\n","protected":false},"author":1,"featured_media":0,"parent":0,"menu_order":3,"comment_status":"closed","ping_status":"closed","template":"","meta":{"footnotes":""},"_links":{"self":[{"href":"http:\/\/www.michaelaugust.de\/index.php?rest_route=\/wp\/v2\/pages\/80"}],"collection":[{"href":"http:\/\/www.michaelaugust.de\/index.php?rest_route=\/wp\/v2\/pages"}],"about":[{"href":"http:\/\/www.michaelaugust.de\/index.php?rest_route=\/wp\/v2\/types\/page"}],"author":[{"embeddable":true,"href":"http:\/\/www.michaelaugust.de\/index.php?rest_route=\/wp\/v2\/users\/1"}],"replies":[{"embeddable":true,"href":"http:\/\/www.michaelaugust.de\/index.php?rest_route=%2Fwp%2Fv2%2Fcomments&post=80"}],"version-history":[{"count":18,"href":"http:\/\/www.michaelaugust.de\/index.php?rest_route=\/wp\/v2\/pages\/80\/revisions"}],"predecessor-version":[{"id":598,"href":"http:\/\/www.michaelaugust.de\/index.php?rest_route=\/wp\/v2\/pages\/80\/revisions\/598"}],"wp:attachment":[{"href":"http:\/\/www.michaelaugust.de\/index.php?rest_route=%2Fwp%2Fv2%2Fmedia&parent=80"}],"curies":[{"name":"wp","href":"https:\/\/api.w.org\/{rel}","templated":true}]}}