{"id":84,"date":"2019-04-17T16:52:31","date_gmt":"2019-04-17T14:52:31","guid":{"rendered":"http:\/\/www.test.michaelaugust.de\/?page_id=84"},"modified":"2021-10-06T09:56:54","modified_gmt":"2021-10-06T07:56:54","slug":"blog","status":"publish","type":"page","link":"http:\/\/www.michaelaugust.de\/?page_id=84","title":{"rendered":"Blog"},"content":{"rendered":"\n<p><\/p>\n\n\n\n<p>Spiegel online schreibt am Donnerstag, 18.04.2019  :<\/p>\n\n\n\n<h2 class=\"wp-block-heading\"><a href=\"https:\/\/www.spiegel.de\/auto\/aktuell\/wuerzburg-polizei-stoppt-auto-mit-kaenguru-an-bord-a-1263495.html\">Polizei\u00a0stoppt Auto mit K\u00e4nguru an Bord(klick!)<\/a><\/h2>\n\n\n\n<p>Gro\u00dfartig sind die Kommentare! Am besten finde ich  Nr.3: &#8222;Was mich noch interessieren w\u00fcrde: Konnte das K\u00e4nguru sprechen \u2026? Hat es kommunistische Parolen gedroschen und Che Guevara zitiert \u2026? Wurden im Auto auch Schnapspralinen gefunden \u2026?&#8220; und Nr. 6: Das K\u00e4nguru\u2026<br>hat doch keinen F\u00fchrerschein, weil es durch die Fahrpr\u00fcfung gerasselt ist als es sich weigerte, rechts vor links anzuerkennen.<\/p>\n","protected":false},"excerpt":{"rendered":"<p>Spiegel online schreibt am Donnerstag, 18.04.2019 : Polizei\u00a0stoppt Auto mit K\u00e4nguru an Bord(klick!) Gro\u00dfartig sind die Kommentare! Am besten finde ich Nr.3: &#8222;Was mich noch interessieren w\u00fcrde: Konnte das K\u00e4nguru sprechen \u2026? Hat es kommunistische Parolen gedroschen und Che Guevara zitiert \u2026? Wurden im Auto auch Schnapspralinen gefunden \u2026?&#8220; und Nr. 6: Das K\u00e4nguru\u2026hat doch [&hellip;]<\/p>\n","protected":false},"author":1,"featured_media":0,"parent":0,"menu_order":5,"comment_status":"closed","ping_status":"closed","template":"","meta":{"footnotes":""},"_links":{"self":[{"href":"http:\/\/www.michaelaugust.de\/index.php?rest_route=\/wp\/v2\/pages\/84"}],"collection":[{"href":"http:\/\/www.michaelaugust.de\/index.php?rest_route=\/wp\/v2\/pages"}],"about":[{"href":"http:\/\/www.michaelaugust.de\/index.php?rest_route=\/wp\/v2\/types\/page"}],"author":[{"embeddable":true,"href":"http:\/\/www.michaelaugust.de\/index.php?rest_route=\/wp\/v2\/users\/1"}],"replies":[{"embeddable":true,"href":"http:\/\/www.michaelaugust.de\/index.php?rest_route=%2Fwp%2Fv2%2Fcomments&post=84"}],"version-history":[{"count":5,"href":"http:\/\/www.michaelaugust.de\/index.php?rest_route=\/wp\/v2\/pages\/84\/revisions"}],"predecessor-version":[{"id":517,"href":"http:\/\/www.michaelaugust.de\/index.php?rest_route=\/wp\/v2\/pages\/84\/revisions\/517"}],"wp:attachment":[{"href":"http:\/\/www.michaelaugust.de\/index.php?rest_route=%2Fwp%2Fv2%2Fmedia&parent=84"}],"curies":[{"name":"wp","href":"https:\/\/api.w.org\/{rel}","templated":true}]}}